{"id":5604,"date":"2022-06-25T20:17:33","date_gmt":"2022-06-26T01:17:33","guid":{"rendered":"https:\/\/glhee.com\/buchen-sie-eine-kostenlose-spanisch-demo-sitzung\/"},"modified":"2024-10-25T05:27:38","modified_gmt":"2024-10-25T10:27:38","slug":"buchen-sie-eine-kostenlose-spanisch-demo-sitzung","status":"publish","type":"page","link":"https:\/\/glhee.com\/de\/buchen-sie-eine-kostenlose-spanisch-demo-sitzung\/","title":{"rendered":"Buchen Sie eine kostenlose Spanisch-Demo-Sitzung"},"content":{"rendered":"\t\t<div data-elementor-type=\"wp-page\" data-elementor-id=\"5604\" class=\"elementor elementor-5604 elementor-2972\" data-elementor-post-type=\"page\">\n\t\t\t\t<div class=\"elementor-element elementor-element-83a1056 bannerSlider e-flex e-con-boxed e-con e-parent\" data-id=\"83a1056\" data-element_type=\"container\" data-e-type=\"container\" data-settings=\"{&quot;background_background&quot;:&quot;classic&quot;}\">\n\t\t\t\t\t<div class=\"e-con-inner\">\n\t\t<div class=\"elementor-element elementor-element-3ec23da elementor-hidden-mobile e-con-full e-flex e-con e-child\" data-id=\"3ec23da\" data-element_type=\"container\" data-e-type=\"container\" data-settings=\"{&quot;background_background&quot;:&quot;classic&quot;}\">\n\t\t\t\t<div class=\"elementor-element elementor-element-af44b42 elementor-widget elementor-widget-spacer\" data-id=\"af44b42\" data-element_type=\"widget\" data-e-type=\"widget\" data-widget_type=\"spacer.default\">\n\t\t\t\t<div class=\"elementor-widget-container\">\n\t\t\t\t\t\t\t<div class=\"elementor-spacer\">\n\t\t\t<div class=\"elementor-spacer-inner\"><\/div>\n\t\t<\/div>\n\t\t\t\t\t\t<\/div>\n\t\t\t\t<\/div>\n\t\t\t\t<\/div>\n\t\t<div class=\"elementor-element elementor-element-9d51b21 e-con-full e-flex e-con e-child\" data-id=\"9d51b21\" data-element_type=\"container\" data-e-type=\"container\" data-settings=\"{&quot;background_background&quot;:&quot;classic&quot;}\">\n\t\t\t\t<div class=\"elementor-element elementor-element-08338c7 elementor-widget elementor-widget-heading\" data-id=\"08338c7\" data-element_type=\"widget\" data-e-type=\"widget\" data-widget_type=\"heading.default\">\n\t\t\t\t<div class=\"elementor-widget-container\">\n\t\t\t\t\t<h2 class=\"elementor-heading-title elementor-size-default\"><span style=\"color:#white\">Buchen Sie eine <\/span><br><span style=\"color:#0605d3\">Kostenlose Demo-Sitzung!<\/span><\/h2>\t\t\t\t<\/div>\n\t\t\t\t<\/div>\n\t\t\t\t<div class=\"elementor-element elementor-element-e81312f elementor-widget elementor-widget-text-editor\" data-id=\"e81312f\" data-element_type=\"widget\" data-e-type=\"widget\" data-widget_type=\"text-editor.default\">\n\t\t\t\t<div class=\"elementor-widget-container\">\n\t\t\t\t\t\t\t\t\t<p>Wir werden uns mit Ihnen in Verbindung setzen, um mit Ihnen einen Termin f\u00fcr eine virtuelle Demo-Sitzung mit Glhee zu vereinbaren.  <strong>Widmen Sie sich den Weltb\u00fcrgern, die bereit sind, Spanisch als zweite Sprache zu sprechen.<\/strong><\/p>\n\t\t\t\t\t\t\t\t<\/div>\n\t\t\t\t<\/div>\n\t\t\t\t<div class=\"elementor-element elementor-element-a64f508 noLabelsForm elementor-button-align-stretch elementor-widget elementor-widget-form\" data-id=\"a64f508\" data-element_type=\"widget\" data-e-type=\"widget\" data-settings=\"{&quot;step_next_label&quot;:&quot;N\\u00e4chste&quot;,&quot;step_previous_label&quot;:&quot;Vorherige&quot;,&quot;button_width&quot;:&quot;100&quot;,&quot;step_type&quot;:&quot;number_text&quot;,&quot;step_icon_shape&quot;:&quot;circle&quot;}\" data-widget_type=\"form.default\">\n\t\t\t\t<div class=\"elementor-widget-container\">\n\t\t\t\t\t<template id=\"cfef_logic_data_a64f508\" class=\"cfef_logic_data_js\" data-form-id=\"a64f508\">{\"field_0d29b21\":{\"display_mode\":\"show\",\"fire_action\":\"All\",\"file_types\":\"png\",\"logic_data\":[{\"cfef_logic_field_id\":\"Interested\",\"cfef_logic_field_is\":\"==\",\"cfef_logic_compare_value\":\"Learning Spanish\",\"_id\":\"bf3489e\"}]},\"courseInterest\":{\"display_mode\":\"show\",\"fire_action\":\"All\",\"file_types\":\"png\",\"logic_data\":[{\"cfef_logic_field_id\":\"Interested\",\"cfef_logic_field_is\":\"==\",\"cfef_logic_compare_value\":\"Learning Spanish\",\"_id\":\"55ff052\"}]},\"levelSpanish\":{\"display_mode\":\"show\",\"fire_action\":\"All\",\"file_types\":\"png\",\"logic_data\":[{\"cfef_logic_field_id\":\"Interested\",\"cfef_logic_field_is\":\"==\",\"cfef_logic_compare_value\":\"Learning Spanish\",\"_id\":\"34ec51b\"}]},\"field_371eda5\":{\"display_mode\":\"show\",\"fire_action\":\"All\",\"file_types\":\"png\",\"logic_data\":[{\"cfef_logic_field_id\":\"Interested\",\"cfef_logic_field_is\":\"==\",\"cfef_logic_compare_value\":\"Teaching Spanish\",\"_id\":\"e8146d7\"}]}}<\/template>\t\t<form class=\"elementor-form\" method=\"post\" name=\"Eine kostenlose Demo buchen - Formular\" aria-label=\"Eine kostenlose Demo buchen - Formular\">\n\t\t\t<input type=\"hidden\" name=\"post_id\" value=\"5604\"\/>\n\t\t\t<input type=\"hidden\" name=\"form_id\" value=\"a64f508\"\/>\n\t\t\t<input type=\"hidden\" name=\"referer_title\" value=\"Glhee\" \/>\n\n\t\t\t\n\t\t\t<div class=\"elementor-form-fields-wrapper elementor-labels-above\">\n\t\t\t\t\t\t\t\t<div class=\"elementor-field-type-text elementor-field-group elementor-column elementor-field-group-name elementor-col-100 elementor-md-100 elementor-field-required\">\n\t\t\t\t\t\t\t\t\t\t\t\t<label for=\"form-field-name\" class=\"elementor-field-label\">\n\t\t\t\t\t\t\t\tName\t\t\t\t\t\t\t<\/label>\n\t\t\t\t\t\t\t\t\t\t\t\t\t\t<input size=\"1\" type=\"text\" name=\"form_fields[name]\" id=\"form-field-name\" class=\"elementor-field elementor-size-sm  elementor-field-textual\" placeholder=\"Name\" required=\"required\">\n\t\t\t\t\t\t\t\t\t\t\t<\/div>\n\t\t\t\t\t\t\t\t<div class=\"elementor-field-type-email elementor-field-group elementor-column elementor-field-group-email elementor-col-100 elementor-md-100 elementor-field-required\">\n\t\t\t\t\t\t\t\t\t\t\t\t<label for=\"form-field-email\" class=\"elementor-field-label\">\n\t\t\t\t\t\t\t\tE-Mail\t\t\t\t\t\t\t<\/label>\n\t\t\t\t\t\t\t\t\t\t\t\t\t\t<input size=\"1\" type=\"email\" name=\"form_fields[email]\" id=\"form-field-email\" class=\"elementor-field elementor-size-sm  elementor-field-textual\" placeholder=\"E-Mail\" required=\"required\">\n\t\t\t\t\t\t\t\t\t\t\t<\/div>\n\t\t\t\t\t\t\t\t<div class=\"elementor-field-type-tel elementor-field-group elementor-column elementor-field-group-movil elementor-col-100 elementor-md-100 elementor-field-required\">\n\t\t\t\t\t\t\t\t\t\t\t\t<label for=\"form-field-movil\" class=\"elementor-field-label\">\n\t\t\t\t\t\t\t\tMovil\t\t\t\t\t\t\t<\/label>\n\t\t\t\t\t\t\t\t<input size=\"1\" type=\"tel\" name=\"form_fields[movil]\" id=\"form-field-movil\" class=\"elementor-field elementor-size-sm  elementor-field-textual\" placeholder=\"Movil\" required=\"required\" pattern=\"[0-9()#&amp;+*-=.]+\" title=\"Nur Nummern oder Telefon-Zeichen (#, -, *, etc) werden akzeptiert.\">\n\n\t\t\t\t\t\t<\/div>\n\t\t\t\t\t\t\t\t<div class=\"elementor-field-type-select elementor-field-group elementor-column elementor-field-group-Interested elementor-col-100 elementor-field-required\">\n\t\t\t\t\t\t\t\t\t\t\t\t<label for=\"form-field-Interested\" class=\"elementor-field-label\">\n\t\t\t\t\t\t\t\tSind Sie interessiert an...\t\t\t\t\t\t\t<\/label>\n\t\t\t\t\t\t\t\t<div class=\"elementor-field elementor-select-wrapper remove-before \">\n\t\t\t<div class=\"select-caret-down-wrapper\">\n\t\t\t\t<svg aria-hidden=\"true\" class=\"e-font-icon-svg e-eicon-caret-down\" viewBox=\"0 0 571.4 571.4\" xmlns=\"http:\/\/www.w3.org\/2000\/svg\"><path d=\"M571 393Q571 407 561 418L311 668Q300 679 286 679T261 668L11 418Q0 407 0 393T11 368 36 357H536Q550 357 561 368T571 393Z\"><\/path><\/svg>\t\t\t<\/div>\n\t\t\t<select name=\"form_fields[Interested]\" id=\"form-field-Interested\" class=\"elementor-field-textual elementor-size-sm\" required=\"required\">\n\t\t\t\t\t\t\t\t\t<option value=\" Spanisch lernen Spanisch lehren\">W\u00e4hlen Sie eine Option <\/option>\n\t\t\t\t\t\t\t<\/select>\n\t\t<\/div>\n\t\t\t\t\t\t<\/div>\n\t\t\t\t\t\t\t\t<div class=\"elementor-field-type-select elementor-field-group elementor-column elementor-field-group-field_0d29b21 elementor-col-100 elementor-field-required\">\n\t\t\t\t\t\t\t\t\t\t\t\t<label for=\"form-field-field_0d29b21\" class=\"elementor-field-label\">\n\t\t\t\t\t\t\t\tLand\t\t\t\t\t\t\t<\/label>\n\t\t\t\t\t\t\t\t<div class=\"elementor-field elementor-select-wrapper remove-before \">\n\t\t\t<div class=\"select-caret-down-wrapper\">\n\t\t\t\t<svg aria-hidden=\"true\" class=\"e-font-icon-svg e-eicon-caret-down\" viewBox=\"0 0 571.4 571.4\" xmlns=\"http:\/\/www.w3.org\/2000\/svg\"><path d=\"M571 393Q571 407 561 418L311 668Q300 679 286 679T261 668L11 418Q0 407 0 393T11 368 36 357H536Q550 357 561 368T571 393Z\"><\/path><\/svg>\t\t\t<\/div>\n\t\t\t<select name=\"form_fields[field_0d29b21]\" id=\"form-field-field_0d29b21\" class=\"elementor-field-textual elementor-size-sm\" required=\"required\">\n\t\t\t\t\t\t\t\t\t<option value=\"In welchem Land leben Sie?\">In welchem Land leben Sie?<\/option>\n\t\t\t\t\t\t\t\t\t<option value=\" Afrika Australien Bangladesch Belgien Belize Bosnien und Herzegowina Brasilien Bulgarien China D\u00e4nemark Deutschland Estland Fidschi Finnland Frankreich Griechenland Indien Indonesien Irland Island Israel Italien Japan Kanada Kroatien Liechtenstein Litauen Luxemburg Malediven Malta Moldawien Monaco Neuseeland Niederlande Norwegen \u00d6sterreich Polen Portugal Rum\u00e4nien Russland Saudi-Arabien Schweden Schweiz Singapur Slowakei Taiwan T\u00fcrkei Ukraine Ungarn Vereinigte Arabische Emirate Vereinigte Staaten Vietnam \"><\/option>\n\t\t\t\t\t\t\t<\/select>\n\t\t<\/div>\n\t\t\t\t\t\t<\/div>\n\t\t\t\t\t\t\t\t<div class=\"elementor-field-type-select elementor-field-group elementor-column elementor-field-group-courseInterest elementor-col-100 elementor-md-100 elementor-field-required\">\n\t\t\t\t\t\t\t\t\t\t\t\t<label for=\"form-field-courseInterest\" class=\"elementor-field-label\">\n\t\t\t\t\t\t\t\tKurs von Interesse\t\t\t\t\t\t\t<\/label>\n\t\t\t\t\t\t\t\t<div class=\"elementor-field elementor-select-wrapper remove-before \">\n\t\t\t<div class=\"select-caret-down-wrapper\">\n\t\t\t\t<svg aria-hidden=\"true\" class=\"e-font-icon-svg e-eicon-caret-down\" viewBox=\"0 0 571.4 571.4\" xmlns=\"http:\/\/www.w3.org\/2000\/svg\"><path d=\"M571 393Q571 407 561 418L311 668Q300 679 286 679T261 668L11 418Q0 407 0 393T11 368 36 357H536Q550 357 561 368T571 393Z\"><\/path><\/svg>\t\t\t<\/div>\n\t\t\t<select name=\"form_fields[courseInterest]\" id=\"form-field-courseInterest\" class=\"elementor-field-textual elementor-size-sm\" required=\"required\">\n\t\t\t\t\t\t\t\t\t<option value=\"Allgemeines Spanisch Wirtschaftsspanisch Online Spanisch\">Allgemeines Spanisch Wirtschaftsspanisch Online Spanisch<\/option>\n\t\t\t\t\t\t\t<\/select>\n\t\t<\/div>\n\t\t\t\t\t\t<\/div>\n\t\t\t\t\t\t\t\t<div class=\"elementor-field-type-select elementor-field-group elementor-column elementor-field-group-levelSpanish elementor-col-100 elementor-md-100\">\n\t\t\t\t\t\t\t\t\t\t\t\t<label for=\"form-field-levelSpanish\" class=\"elementor-field-label\">\n\t\t\t\t\t\t\t\tAktuelles Niveau Ihres Spanisch\t\t\t\t\t\t\t<\/label>\n\t\t\t\t\t\t\t\t<div class=\"elementor-field elementor-select-wrapper remove-before \">\n\t\t\t<div class=\"select-caret-down-wrapper\">\n\t\t\t\t<svg aria-hidden=\"true\" class=\"e-font-icon-svg e-eicon-caret-down\" viewBox=\"0 0 571.4 571.4\" xmlns=\"http:\/\/www.w3.org\/2000\/svg\"><path d=\"M571 393Q571 407 561 418L311 668Q300 679 286 679T261 668L11 418Q0 407 0 393T11 368 36 357H536Q550 357 561 368T571 393Z\"><\/path><\/svg>\t\t\t<\/div>\n\t\t\t<select name=\"form_fields[levelSpanish]\" id=\"form-field-levelSpanish\" class=\"elementor-field-textual elementor-size-sm\">\n\t\t\t\t\t\t\t\t\t<option value=\"Null Kenntnisse Anf\u00e4nger Mittelstufe Fortgeschrittene\">Null Kenntnisse Anf\u00e4nger Mittelstufe Fortgeschrittene<\/option>\n\t\t\t\t\t\t\t<\/select>\n\t\t<\/div>\n\t\t\t\t\t\t<\/div>\n\t\t\t\t\t\t\t\t<div class=\"elementor-field-type-text elementor-field-group elementor-column elementor-field-group-field_371eda5 elementor-col-100 elementor-field-required\">\n\t\t\t\t\t\t\t\t\t\t\t\t<label for=\"form-field-field_371eda5\" class=\"elementor-field-label\">\n\t\t\t\t\t\t\t\tJahrelange Erfahrung im Unterrichten von ELE (Spanisch als Fremdsprache)\t\t\t\t\t\t\t<\/label>\n\t\t\t\t\t\t\t\t\t\t\t\t\t\t<input size=\"1\" type=\"text\" name=\"form_fields[field_371eda5]\" id=\"form-field-field_371eda5\" class=\"elementor-field elementor-size-sm  elementor-field-textual\" placeholder=\"Jahrelange Erfahrung im Unterrichten von ELE\" required=\"required\">\n\t\t\t\t\t\t\t\t\t\t\t<\/div>\n\t\t\t\t\t\t\t\t<div class=\"elementor-field-type-acceptance elementor-field-group elementor-column elementor-field-group-agreeTyC elementor-col-100 elementor-md-100 elementor-field-required\">\n\t\t\t\t\t\t\t\t\t\t\t\t<label for=\"form-field-agreeTyC\" class=\"elementor-field-label\">\n\t\t\t\t\t\t\t\tBedingungen &amp; Konditionen\t\t\t\t\t\t\t<\/label>\n\t\t\t\t\t\t\t\t<div class=\"elementor-field-subgroup\">\n\t\t\t<span class=\"elementor-field-option\">\n\t\t\t\t<input type=\"checkbox\" name=\"form_fields[agreeTyC]\" id=\"form-field-agreeTyC\" class=\"elementor-field elementor-size-sm  elementor-acceptance-field\" required=\"required\" checked=\"checked\">\n\t\t\t\t<label for=\"form-field-agreeTyC\">Ich erm\u00e4chtige GLEE S.A.S., Ihre Daten zu verarbeiten, um Ihre Anfrage zu bearbeiten, Sie zu kontaktieren und\/oder Informationen zu versenden.<\/label>\t\t\t<\/span>\n\t\t<\/div>\n\t\t\t\t\t\t<\/div>\n\t\t\t\t\t\t\t\t<div class=\"elementor-field-type-recaptcha_v3 elementor-field-group elementor-column elementor-field-group-field_a4c8143 elementor-col-100 recaptcha_v3-bottomleft\">\n\t\t\t\t\t<div class=\"elementor-field\" id=\"form-field-field_a4c8143\"><div class=\"elementor-g-recaptcha\" data-sitekey=\"6Lc8XJUUAAAAAE1p_xXoDUWb1OObZf03zwTR3mqp\" data-type=\"v3\" data-action=\"Form\" data-badge=\"bottomleft\" data-size=\"invisible\"><\/div><\/div>\t\t\t\t<\/div>\n\t\t\t\t\t\t\t\t<div class=\"elementor-field-group elementor-column elementor-field-type-submit elementor-col-100 e-form__buttons\">\n\t\t\t\t\t<button class=\"elementor-button elementor-size-sm elementor-animation-sink\" type=\"submit\">\n\t\t\t\t\t\t<span class=\"elementor-button-content-wrapper\">\n\t\t\t\t\t\t\t\t\t\t\t\t\t\t\t\t\t\t\t\t\t\t<span class=\"elementor-button-text\">Senden Sie<\/span>\n\t\t\t\t\t\t\t\t\t\t\t\t\t<\/span>\n\t\t\t\t\t<\/button>\n\t\t\t\t<\/div>\n\t\t\t<\/div>\n\t\t<\/form>\n\t\t\t\t\t\t<\/div>\n\t\t\t\t<\/div>\n\t\t\t\t<\/div>\n\t\t\t\t\t<\/div>\n\t\t\t\t<\/div>\n\t\t\t\t<\/div>\n\t\t","protected":false},"excerpt":{"rendered":"<p>Buchen Sie eine Kostenlose Demo-Sitzung! Wir werden uns mit Ihnen in Verbindung setzen, um mit Ihnen einen Termin f\u00fcr eine virtuelle Demo-Sitzung mit Glhee zu vereinbaren. Widmen Sie sich den [&hellip;]<\/p>\n","protected":false},"author":1,"featured_media":0,"parent":0,"menu_order":0,"comment_status":"closed","ping_status":"closed","template":"elementor_header_footer","meta":{"_price":"","_stock":"","_tribe_ticket_header":"","_tribe_default_ticket_provider":"","_tribe_ticket_capacity":"0","_ticket_start_date":"","_ticket_end_date":"","_tribe_ticket_show_description":"","_tribe_ticket_show_not_going":false,"_tribe_ticket_use_global_stock":"","_tribe_ticket_global_stock_level":"","_global_stock_mode":"","_global_stock_cap":"","_tribe_rsvp_for_event":"","_tribe_ticket_going_count":"","_tribe_ticket_not_going_count":"","_tribe_tickets_list":"[]","_tribe_ticket_has_attendee_info_fields":false,"footnotes":""},"class_list":["post-5604","page","type-page","status-publish","hentry"],"yoast_head":"<!-- This site is optimized with the Yoast SEO plugin v27.4 - https:\/\/yoast.com\/product\/yoast-seo-wordpress\/ -->\n<title>Buchen Sie eine kostenlose Spanisch-Demo-Sitzung &#8226; Glhee<\/title>\n<meta name=\"robots\" content=\"index, follow, max-snippet:-1, max-image-preview:large, max-video-preview:-1\" \/>\n<link rel=\"canonical\" href=\"https:\/\/glhee.com\/de\/buchen-sie-eine-kostenlose-spanisch-demo-sitzung\/\" \/>\n<meta property=\"og:locale\" content=\"de_DE\" \/>\n<meta property=\"og:type\" content=\"article\" \/>\n<meta property=\"og:title\" content=\"Buchen Sie eine kostenlose Spanisch-Demo-Sitzung &#8226; Glhee\" \/>\n<meta property=\"og:description\" content=\"Buchen Sie eine Kostenlose Demo-Sitzung! Wir werden uns mit Ihnen in Verbindung setzen, um mit Ihnen einen Termin f\u00fcr eine virtuelle Demo-Sitzung mit Glhee zu vereinbaren. Widmen Sie sich den [&hellip;]\" \/>\n<meta property=\"og:url\" content=\"https:\/\/glhee.com\/de\/buchen-sie-eine-kostenlose-spanisch-demo-sitzung\/\" \/>\n<meta property=\"og:site_name\" content=\"Glhee\" \/>\n<meta property=\"article:publisher\" content=\"https:\/\/www.facebook.com\/profile.php?id=61561021527848\" \/>\n<meta property=\"article:modified_time\" content=\"2024-10-25T10:27:38+00:00\" \/>\n<meta property=\"og:image\" content=\"https:\/\/glhee.com\/wp-content\/uploads\/2022\/05\/Glhee-com.jpg\" \/>\n\t<meta property=\"og:image:width\" content=\"1200\" \/>\n\t<meta property=\"og:image:height\" content=\"630\" \/>\n\t<meta property=\"og:image:type\" content=\"image\/jpeg\" \/>\n<meta name=\"twitter:card\" content=\"summary_large_image\" \/>\n<script type=\"application\/ld+json\" class=\"yoast-schema-graph\">{\"@context\":\"https:\\\/\\\/schema.org\",\"@graph\":[{\"@type\":\"WebPage\",\"@id\":\"https:\\\/\\\/glhee.com\\\/de\\\/buchen-sie-eine-kostenlose-spanisch-demo-sitzung\\\/\",\"url\":\"https:\\\/\\\/glhee.com\\\/de\\\/buchen-sie-eine-kostenlose-spanisch-demo-sitzung\\\/\",\"name\":\"Buchen Sie eine kostenlose Spanisch-Demo-Sitzung &#8226; Glhee\",\"isPartOf\":{\"@id\":\"https:\\\/\\\/glhee.com\\\/de\\\/#website\"},\"datePublished\":\"2022-06-26T01:17:33+00:00\",\"dateModified\":\"2024-10-25T10:27:38+00:00\",\"breadcrumb\":{\"@id\":\"https:\\\/\\\/glhee.com\\\/de\\\/buchen-sie-eine-kostenlose-spanisch-demo-sitzung\\\/#breadcrumb\"},\"inLanguage\":\"de\",\"potentialAction\":[{\"@type\":\"ReadAction\",\"target\":[\"https:\\\/\\\/glhee.com\\\/de\\\/buchen-sie-eine-kostenlose-spanisch-demo-sitzung\\\/\"]}]},{\"@type\":\"BreadcrumbList\",\"@id\":\"https:\\\/\\\/glhee.com\\\/de\\\/buchen-sie-eine-kostenlose-spanisch-demo-sitzung\\\/#breadcrumb\",\"itemListElement\":[{\"@type\":\"ListItem\",\"position\":1,\"name\":\"Home\",\"item\":\"https:\\\/\\\/glhee.com\\\/de\\\/startseite\\\/\"},{\"@type\":\"ListItem\",\"position\":2,\"name\":\"Buchen Sie eine kostenlose Spanisch-Demo-Sitzung\"}]},{\"@type\":\"WebSite\",\"@id\":\"https:\\\/\\\/glhee.com\\\/de\\\/#website\",\"url\":\"https:\\\/\\\/glhee.com\\\/de\\\/\",\"name\":\"Glhee\",\"description\":\"Spanish Courses\",\"potentialAction\":[{\"@type\":\"SearchAction\",\"target\":{\"@type\":\"EntryPoint\",\"urlTemplate\":\"https:\\\/\\\/glhee.com\\\/de\\\/?s={search_term_string}\"},\"query-input\":{\"@type\":\"PropertyValueSpecification\",\"valueRequired\":true,\"valueName\":\"search_term_string\"}}],\"inLanguage\":\"de\"}]}<\/script>\n<!-- \/ Yoast SEO plugin. -->","yoast_head_json":{"title":"Buchen Sie eine kostenlose Spanisch-Demo-Sitzung &#8226; Glhee","robots":{"index":"index","follow":"follow","max-snippet":"max-snippet:-1","max-image-preview":"max-image-preview:large","max-video-preview":"max-video-preview:-1"},"canonical":"https:\/\/glhee.com\/de\/buchen-sie-eine-kostenlose-spanisch-demo-sitzung\/","og_locale":"de_DE","og_type":"article","og_title":"Buchen Sie eine kostenlose Spanisch-Demo-Sitzung &#8226; Glhee","og_description":"Buchen Sie eine Kostenlose Demo-Sitzung! Wir werden uns mit Ihnen in Verbindung setzen, um mit Ihnen einen Termin f\u00fcr eine virtuelle Demo-Sitzung mit Glhee zu vereinbaren. Widmen Sie sich den [&hellip;]","og_url":"https:\/\/glhee.com\/de\/buchen-sie-eine-kostenlose-spanisch-demo-sitzung\/","og_site_name":"Glhee","article_publisher":"https:\/\/www.facebook.com\/profile.php?id=61561021527848","article_modified_time":"2024-10-25T10:27:38+00:00","og_image":[{"width":1200,"height":630,"url":"https:\/\/glhee.com\/wp-content\/uploads\/2022\/05\/Glhee-com.jpg","type":"image\/jpeg"}],"twitter_card":"summary_large_image","schema":{"@context":"https:\/\/schema.org","@graph":[{"@type":"WebPage","@id":"https:\/\/glhee.com\/de\/buchen-sie-eine-kostenlose-spanisch-demo-sitzung\/","url":"https:\/\/glhee.com\/de\/buchen-sie-eine-kostenlose-spanisch-demo-sitzung\/","name":"Buchen Sie eine kostenlose Spanisch-Demo-Sitzung &#8226; Glhee","isPartOf":{"@id":"https:\/\/glhee.com\/de\/#website"},"datePublished":"2022-06-26T01:17:33+00:00","dateModified":"2024-10-25T10:27:38+00:00","breadcrumb":{"@id":"https:\/\/glhee.com\/de\/buchen-sie-eine-kostenlose-spanisch-demo-sitzung\/#breadcrumb"},"inLanguage":"de","potentialAction":[{"@type":"ReadAction","target":["https:\/\/glhee.com\/de\/buchen-sie-eine-kostenlose-spanisch-demo-sitzung\/"]}]},{"@type":"BreadcrumbList","@id":"https:\/\/glhee.com\/de\/buchen-sie-eine-kostenlose-spanisch-demo-sitzung\/#breadcrumb","itemListElement":[{"@type":"ListItem","position":1,"name":"Home","item":"https:\/\/glhee.com\/de\/startseite\/"},{"@type":"ListItem","position":2,"name":"Buchen Sie eine kostenlose Spanisch-Demo-Sitzung"}]},{"@type":"WebSite","@id":"https:\/\/glhee.com\/de\/#website","url":"https:\/\/glhee.com\/de\/","name":"Glhee","description":"Spanish Courses","potentialAction":[{"@type":"SearchAction","target":{"@type":"EntryPoint","urlTemplate":"https:\/\/glhee.com\/de\/?s={search_term_string}"},"query-input":{"@type":"PropertyValueSpecification","valueRequired":true,"valueName":"search_term_string"}}],"inLanguage":"de"}]}},"_links":{"self":[{"href":"https:\/\/glhee.com\/de\/wp-json\/wp\/v2\/pages\/5604","targetHints":{"allow":["GET"]}}],"collection":[{"href":"https:\/\/glhee.com\/de\/wp-json\/wp\/v2\/pages"}],"about":[{"href":"https:\/\/glhee.com\/de\/wp-json\/wp\/v2\/types\/page"}],"author":[{"embeddable":true,"href":"https:\/\/glhee.com\/de\/wp-json\/wp\/v2\/users\/1"}],"replies":[{"embeddable":true,"href":"https:\/\/glhee.com\/de\/wp-json\/wp\/v2\/comments?post=5604"}],"version-history":[{"count":0,"href":"https:\/\/glhee.com\/de\/wp-json\/wp\/v2\/pages\/5604\/revisions"}],"wp:attachment":[{"href":"https:\/\/glhee.com\/de\/wp-json\/wp\/v2\/media?parent=5604"}],"curies":[{"name":"wp","href":"https:\/\/api.w.org\/{rel}","templated":true}]}}