{"id":5689,"date":"2024-09-25T17:03:55","date_gmt":"2024-09-25T22:03:55","guid":{"rendered":"https:\/\/glhee.com\/product\/einzelunterricht-wirtschaftsspanisch\/"},"modified":"2024-09-25T17:03:55","modified_gmt":"2024-09-25T22:03:55","slug":"einzelunterricht-wirtschaftsspanisch","status":"publish","type":"product","link":"https:\/\/glhee.com\/de\/produkt\/einzelunterricht-wirtschaftsspanisch\/","title":{"rendered":"Einzelunterricht Wirtschaftsspanisch"},"content":{"rendered":"","protected":false},"excerpt":{"rendered":"<p><strong>Erh\u00e4ltlich f\u00fcr alle Niveaus <\/strong><strong>Pers\u00f6nlich<\/strong> Die Executive-Programme sind auf die Bed\u00fcrfnisse von Lernenden wie Ihnen zugeschnitten, die sich dem Erreichen von Sprachkenntnissen verschrieben haben, aber aufgrund von Arbeit und vollen Terminkalendern keine Zeit daf\u00fcr finden.  <\/p>\n<ul>\n<li>Flexibler Zeitplan<\/li>\n<li>Flexible Kursdauer<\/li>\n<li>Individuelle Ziele<\/li>\n<\/ul>\n<p>&nbsp;<\/p>\n<p style=\"text-align: center;\"><strong>Geb\u00fchrenpflichtige Anmeldung $ 50 USD +<\/strong><\/p>\n","protected":false},"featured_media":5690,"template":"","meta":{"_price":"50","_stock":"","_tribe_ticket_header":"","_tribe_default_ticket_provider":"","_tribe_ticket_capacity":"0","_ticket_start_date":"","_ticket_end_date":"","_tribe_ticket_show_description":"","_tribe_ticket_show_not_going":false,"_tribe_ticket_use_global_stock":"","_tribe_ticket_global_stock_level":"","_global_stock_mode":"","_global_stock_cap":"","_tribe_rsvp_for_event":"","_tribe_ticket_going_count":"","_tribe_ticket_not_going_count":"","_tribe_tickets_list":"[]","_tribe_ticket_has_attendee_info_fields":false},"product_brand":[],"product_cat":[71],"product_tag":[],"class_list":{"0":"post-5689","1":"product","2":"type-product","3":"status-publish","4":"has-post-thumbnail","6":"product_cat-klassen","8":"first","9":"instock","10":"virtual","11":"sold-individually","12":"purchasable","13":"product-type-simple"},"yoast_head":"<!-- This site is optimized with the Yoast SEO plugin v27.4 - https:\/\/yoast.com\/product\/yoast-seo-wordpress\/ -->\n<title>Einzelunterricht Wirtschaftsspanisch &#8226; Glhee<\/title>\n<meta name=\"robots\" content=\"index, follow, max-snippet:-1, max-image-preview:large, max-video-preview:-1\" \/>\n<link rel=\"canonical\" href=\"https:\/\/glhee.com\/de\/produkt\/einzelunterricht-wirtschaftsspanisch\/\" \/>\n<meta property=\"og:locale\" content=\"de_DE\" \/>\n<meta property=\"og:type\" content=\"article\" \/>\n<meta property=\"og:title\" content=\"Einzelunterricht Wirtschaftsspanisch &#8226; Glhee\" \/>\n<meta property=\"og:description\" content=\"Erh\u00e4ltlich f\u00fcr alle Niveaus Pers\u00f6nlich Die Executive-Programme sind auf die Bed\u00fcrfnisse von Lernenden wie Ihnen zugeschnitten, die sich dem Erreichen von Sprachkenntnissen verschrieben haben, aber aufgrund von Arbeit und vollen Terminkalendern keine Zeit daf\u00fcr finden.   Flexibler Zeitplan  Flexible Kursdauer  Individuelle Ziele &nbsp; Geb\u00fchrenpflichtige Anmeldung $ 50 USD +\" \/>\n<meta property=\"og:url\" content=\"https:\/\/glhee.com\/de\/produkt\/einzelunterricht-wirtschaftsspanisch\/\" \/>\n<meta property=\"og:site_name\" content=\"Glhee\" \/>\n<meta property=\"article:publisher\" content=\"https:\/\/www.facebook.com\/profile.php?id=61561021527848\" \/>\n<meta property=\"og:image\" content=\"https:\/\/glhee.com\/wp-content\/uploads\/2024\/09\/Business-OnebyOne-Spanish-Courses.jpg\" \/>\n\t<meta property=\"og:image:width\" content=\"745\" \/>\n\t<meta property=\"og:image:height\" content=\"745\" \/>\n\t<meta property=\"og:image:type\" content=\"image\/jpeg\" \/>\n<meta name=\"twitter:card\" content=\"summary_large_image\" \/>\n<script type=\"application\/ld+json\" class=\"yoast-schema-graph\">{\"@context\":\"https:\\\/\\\/schema.org\",\"@graph\":[{\"@type\":\"WebPage\",\"@id\":\"https:\\\/\\\/glhee.com\\\/de\\\/produkt\\\/einzelunterricht-wirtschaftsspanisch\\\/\",\"url\":\"https:\\\/\\\/glhee.com\\\/de\\\/produkt\\\/einzelunterricht-wirtschaftsspanisch\\\/\",\"name\":\"Einzelunterricht Wirtschaftsspanisch &#8226; Glhee\",\"isPartOf\":{\"@id\":\"https:\\\/\\\/glhee.com\\\/de\\\/#website\"},\"primaryImageOfPage\":{\"@id\":\"https:\\\/\\\/glhee.com\\\/de\\\/produkt\\\/einzelunterricht-wirtschaftsspanisch\\\/#primaryimage\"},\"image\":{\"@id\":\"https:\\\/\\\/glhee.com\\\/de\\\/produkt\\\/einzelunterricht-wirtschaftsspanisch\\\/#primaryimage\"},\"thumbnailUrl\":\"https:\\\/\\\/glhee.com\\\/wp-content\\\/uploads\\\/2024\\\/09\\\/Business-OnebyOne-Spanish-Courses.jpg\",\"datePublished\":\"2024-09-25T22:03:55+00:00\",\"breadcrumb\":{\"@id\":\"https:\\\/\\\/glhee.com\\\/de\\\/produkt\\\/einzelunterricht-wirtschaftsspanisch\\\/#breadcrumb\"},\"inLanguage\":\"de\",\"potentialAction\":[{\"@type\":\"ReadAction\",\"target\":[\"https:\\\/\\\/glhee.com\\\/de\\\/produkt\\\/einzelunterricht-wirtschaftsspanisch\\\/\"]}]},{\"@type\":\"ImageObject\",\"inLanguage\":\"de\",\"@id\":\"https:\\\/\\\/glhee.com\\\/de\\\/produkt\\\/einzelunterricht-wirtschaftsspanisch\\\/#primaryimage\",\"url\":\"https:\\\/\\\/glhee.com\\\/wp-content\\\/uploads\\\/2024\\\/09\\\/Business-OnebyOne-Spanish-Courses.jpg\",\"contentUrl\":\"https:\\\/\\\/glhee.com\\\/wp-content\\\/uploads\\\/2024\\\/09\\\/Business-OnebyOne-Spanish-Courses.jpg\",\"width\":745,\"height\":745},{\"@type\":\"BreadcrumbList\",\"@id\":\"https:\\\/\\\/glhee.com\\\/de\\\/produkt\\\/einzelunterricht-wirtschaftsspanisch\\\/#breadcrumb\",\"itemListElement\":[{\"@type\":\"ListItem\",\"position\":1,\"name\":\"Home\",\"item\":\"https:\\\/\\\/glhee.com\\\/de\\\/startseite\\\/\"},{\"@type\":\"ListItem\",\"position\":2,\"name\":\"Shop\",\"item\":\"https:\\\/\\\/glhee.com\\\/shop\\\/\"},{\"@type\":\"ListItem\",\"position\":3,\"name\":\"Einzelunterricht Wirtschaftsspanisch\"}]},{\"@type\":\"WebSite\",\"@id\":\"https:\\\/\\\/glhee.com\\\/de\\\/#website\",\"url\":\"https:\\\/\\\/glhee.com\\\/de\\\/\",\"name\":\"Glhee\",\"description\":\"Spanish Courses\",\"potentialAction\":[{\"@type\":\"SearchAction\",\"target\":{\"@type\":\"EntryPoint\",\"urlTemplate\":\"https:\\\/\\\/glhee.com\\\/de\\\/?s={search_term_string}\"},\"query-input\":{\"@type\":\"PropertyValueSpecification\",\"valueRequired\":true,\"valueName\":\"search_term_string\"}}],\"inLanguage\":\"de\"}]}<\/script>\n<!-- \/ Yoast SEO plugin. -->","yoast_head_json":{"title":"Einzelunterricht Wirtschaftsspanisch &#8226; Glhee","robots":{"index":"index","follow":"follow","max-snippet":"max-snippet:-1","max-image-preview":"max-image-preview:large","max-video-preview":"max-video-preview:-1"},"canonical":"https:\/\/glhee.com\/de\/produkt\/einzelunterricht-wirtschaftsspanisch\/","og_locale":"de_DE","og_type":"article","og_title":"Einzelunterricht Wirtschaftsspanisch &#8226; Glhee","og_description":"Erh\u00e4ltlich f\u00fcr alle Niveaus Pers\u00f6nlich Die Executive-Programme sind auf die Bed\u00fcrfnisse von Lernenden wie Ihnen zugeschnitten, die sich dem Erreichen von Sprachkenntnissen verschrieben haben, aber aufgrund von Arbeit und vollen Terminkalendern keine Zeit daf\u00fcr finden.   Flexibler Zeitplan  Flexible Kursdauer  Individuelle Ziele &nbsp; Geb\u00fchrenpflichtige Anmeldung $ 50 USD +","og_url":"https:\/\/glhee.com\/de\/produkt\/einzelunterricht-wirtschaftsspanisch\/","og_site_name":"Glhee","article_publisher":"https:\/\/www.facebook.com\/profile.php?id=61561021527848","og_image":[{"width":745,"height":745,"url":"https:\/\/glhee.com\/wp-content\/uploads\/2024\/09\/Business-OnebyOne-Spanish-Courses.jpg","type":"image\/jpeg"}],"twitter_card":"summary_large_image","schema":{"@context":"https:\/\/schema.org","@graph":[{"@type":"WebPage","@id":"https:\/\/glhee.com\/de\/produkt\/einzelunterricht-wirtschaftsspanisch\/","url":"https:\/\/glhee.com\/de\/produkt\/einzelunterricht-wirtschaftsspanisch\/","name":"Einzelunterricht Wirtschaftsspanisch &#8226; Glhee","isPartOf":{"@id":"https:\/\/glhee.com\/de\/#website"},"primaryImageOfPage":{"@id":"https:\/\/glhee.com\/de\/produkt\/einzelunterricht-wirtschaftsspanisch\/#primaryimage"},"image":{"@id":"https:\/\/glhee.com\/de\/produkt\/einzelunterricht-wirtschaftsspanisch\/#primaryimage"},"thumbnailUrl":"https:\/\/glhee.com\/wp-content\/uploads\/2024\/09\/Business-OnebyOne-Spanish-Courses.jpg","datePublished":"2024-09-25T22:03:55+00:00","breadcrumb":{"@id":"https:\/\/glhee.com\/de\/produkt\/einzelunterricht-wirtschaftsspanisch\/#breadcrumb"},"inLanguage":"de","potentialAction":[{"@type":"ReadAction","target":["https:\/\/glhee.com\/de\/produkt\/einzelunterricht-wirtschaftsspanisch\/"]}]},{"@type":"ImageObject","inLanguage":"de","@id":"https:\/\/glhee.com\/de\/produkt\/einzelunterricht-wirtschaftsspanisch\/#primaryimage","url":"https:\/\/glhee.com\/wp-content\/uploads\/2024\/09\/Business-OnebyOne-Spanish-Courses.jpg","contentUrl":"https:\/\/glhee.com\/wp-content\/uploads\/2024\/09\/Business-OnebyOne-Spanish-Courses.jpg","width":745,"height":745},{"@type":"BreadcrumbList","@id":"https:\/\/glhee.com\/de\/produkt\/einzelunterricht-wirtschaftsspanisch\/#breadcrumb","itemListElement":[{"@type":"ListItem","position":1,"name":"Home","item":"https:\/\/glhee.com\/de\/startseite\/"},{"@type":"ListItem","position":2,"name":"Shop","item":"https:\/\/glhee.com\/shop\/"},{"@type":"ListItem","position":3,"name":"Einzelunterricht Wirtschaftsspanisch"}]},{"@type":"WebSite","@id":"https:\/\/glhee.com\/de\/#website","url":"https:\/\/glhee.com\/de\/","name":"Glhee","description":"Spanish Courses","potentialAction":[{"@type":"SearchAction","target":{"@type":"EntryPoint","urlTemplate":"https:\/\/glhee.com\/de\/?s={search_term_string}"},"query-input":{"@type":"PropertyValueSpecification","valueRequired":true,"valueName":"search_term_string"}}],"inLanguage":"de"}]}},"_links":{"self":[{"href":"https:\/\/glhee.com\/de\/wp-json\/wp\/v2\/product\/5689","targetHints":{"allow":["GET"]}}],"collection":[{"href":"https:\/\/glhee.com\/de\/wp-json\/wp\/v2\/product"}],"about":[{"href":"https:\/\/glhee.com\/de\/wp-json\/wp\/v2\/types\/product"}],"version-history":[{"count":0,"href":"https:\/\/glhee.com\/de\/wp-json\/wp\/v2\/product\/5689\/revisions"}],"wp:featuredmedia":[{"embeddable":true,"href":"https:\/\/glhee.com\/de\/wp-json\/wp\/v2\/media\/5690"}],"wp:attachment":[{"href":"https:\/\/glhee.com\/de\/wp-json\/wp\/v2\/media?parent=5689"}],"wp:term":[{"taxonomy":"product_brand","embeddable":true,"href":"https:\/\/glhee.com\/de\/wp-json\/wp\/v2\/product_brand?post=5689"},{"taxonomy":"product_cat","embeddable":true,"href":"https:\/\/glhee.com\/de\/wp-json\/wp\/v2\/product_cat?post=5689"},{"taxonomy":"product_tag","embeddable":true,"href":"https:\/\/glhee.com\/de\/wp-json\/wp\/v2\/product_tag?post=5689"}],"curies":[{"name":"wp","href":"https:\/\/api.w.org\/{rel}","templated":true}]}}